{"id":1498,"date":"2024-11-25T03:58:57","date_gmt":"2024-11-25T02:58:57","guid":{"rendered":"https:\/\/sabanaplaza.com.co\/?page_id=1498"},"modified":"2026-02-25T16:18:26","modified_gmt":"2026-02-25T15:18:26","slug":"buscas-trabajo","status":"publish","type":"page","link":"https:\/\/sabanaplaza.com.co\/index.php\/buscas-trabajo\/","title":{"rendered":"\u00bfBuscas trabajo?"},"content":{"rendered":"<div class=\"et_pb_section_0 et_pb_section et_section_regular et_block_section\"><div class=\"et_pb_row_0 et_pb_row et_block_row\"><div class=\"et_pb_column_0 et_pb_column et_pb_column_4_4 et-last-child et_block_column et_pb_css_mix_blend_mode_passthrough\"><div class=\"et_pb_text_0 et_pb_text et_pb_bg_layout_light et_pb_module et_block_module preset--module--divi-text--e598b17a-9229-42f6-b238-019d6094332e\"><div class=\"et_pb_text_inner\"><h1>\u00a1Tu oportunidad<br \/>est\u00e1 aqu\u00ed!<\/h1>\n<\/div><\/div><\/div><\/div><div class=\"et_pb_row_1 et_pb_row et_block_row\"><div class=\"et_pb_column_1 et_pb_column et_pb_column_4_4 et-last-child et_block_column et_pb_css_mix_blend_mode_passthrough\"><div class=\"et_pb_image_0 et_pb_image et_pb_module et_block_module\"><span class=\"et_pb_image_wrap\"><img decoding=\"async\" src=\"https:\/\/sabanaplaza.com.co\/wp-content\/uploads\/2024\/01\/nursing-home_50.png\" width=\"2560\" height=\"737\" srcset=\"https:\/\/sabanaplaza.com.co\/wp-content\/uploads\/2024\/01\/nursing-home_50.png 2560w, https:\/\/sabanaplaza.com.co\/wp-content\/uploads\/2024\/01\/nursing-home_50-1280x369.png 1280w, https:\/\/sabanaplaza.com.co\/wp-content\/uploads\/2024\/01\/nursing-home_50-980x282.png 980w, https:\/\/sabanaplaza.com.co\/wp-content\/uploads\/2024\/01\/nursing-home_50-480x138.png 480w\" sizes=\"(min-width: 0px) and (max-width: 480px) 480px, (min-width: 481px) and (max-width: 980px) 980px, (min-width: 981px) and (max-width: 1280px) 1280px, (min-width: 1281px) 2560px, 100vw\" class=\"wp-image-259\" title=\"nursing-home_50\" \/><\/span><\/div><\/div><\/div><\/div><div class=\"et_pb_section_1 et_pb_section et_section_regular et_block_section\"><div class=\"et_pb_row_2 et_pb_row et_block_row\"><div class=\"et_pb_column_2 et_pb_column et_pb_column_4_4 et-last-child et_block_column et_pb_css_mix_blend_mode_passthrough\"><div class=\"et_pb_text_1 et_pb_text et_pb_bg_layout_light et_pb_module et_block_module et_pb_text_align_center preset--module--divi-text--d4a1b5cb-76a8-4c75-93de-eced29e393e6\"><div class=\"et_pb_text_inner\"><h4>Sabemos que el talento colombiano merece reconocimiento y oportunidades reales. Por eso, estamos comprometidos con ofrecer empleos que cumplan con todos los beneficios legales. Aqu\u00ed, tu bienestar y estabilidad laboral son nuestra prioridad.<\/h4>\n<\/div><\/div><\/div><\/div><\/div><div class=\"et_pb_section_2 et_pb_section et_section_regular et_block_section\"><div class=\"et_pb_row_3 et_pb_row et_block_row\"><div class=\"et_pb_column_3 et_pb_column et_pb_column_4_4 et-last-child et_block_column et_pb_css_mix_blend_mode_passthrough\"><div class=\"et_pb_text_2 et_pb_text et_pb_bg_layout_light et_pb_module et_block_module preset--module--divi-text--e78b8800-e14d-4dae-a3d2-5a95e917665c\"><div class=\"et_pb_text_inner\"><h2>Beneficios de ser un Sabanista<\/h2>\n<\/div><\/div><\/div><\/div><div class=\"et_pb_row_4 et_pb_row et_block_row\"><div class=\"et_pb_column_4 et_pb_column et_pb_column_1_2 et_block_column et_pb_css_mix_blend_mode_passthrough\"><div class=\"et_pb_blurb_0 et_pb_blurb et_pb_bg_layout_light et_pb_blurb_position_left et_pb_module et_block_module preset--module--divi-blurb--82c1da05-01c5-4aa4-b8c2-bb1e9c1c11d6\"><div class=\"et_pb_blurb_content\"><div class=\"et_pb_main_blurb_image\"><span class=\"et_pb_image_wrap et_pb_only_image_mode_wrap\"><img decoding=\"async\" src=\"https:\/\/sabanaplaza.com.co\/wp-content\/uploads\/2024\/11\/coworking-space-icon-4.png\" width=\"64\" height=\"64\" sizes=\"(max-width: 64px) 100vw, 64px\" class=\"et-waypoint et_pb_animation_off et_pb_animation_off_tablet et_pb_animation_off_phone wp-image-1510\" \/><\/span><\/div><div class=\"et_pb_blurb_container\"><h4 class=\"et_pb_module_header\">Legalidad y transparencia<\/h4><div class=\"et_pb_blurb_description\"><p>Contratos que cumplen con las normativas laborales del pa\u00eds.<\/p>\n<\/div><\/div><\/div><\/div><div class=\"et_pb_blurb_1 et_pb_blurb et_pb_bg_layout_light et_pb_blurb_position_left et_pb_module et_block_module preset--module--divi-blurb--82c1da05-01c5-4aa4-b8c2-bb1e9c1c11d6\"><div class=\"et_pb_blurb_content\"><div class=\"et_pb_main_blurb_image\"><span class=\"et_pb_image_wrap et_pb_only_image_mode_wrap\"><img decoding=\"async\" src=\"https:\/\/sabanaplaza.com.co\/wp-content\/uploads\/2024\/11\/coworking-space-icon-12.png\" width=\"64\" height=\"64\" sizes=\"(max-width: 64px) 100vw, 64px\" class=\"et-waypoint et_pb_animation_off et_pb_animation_off_tablet et_pb_animation_off_phone wp-image-1501\" \/><\/span><\/div><div class=\"et_pb_blurb_container\"><h4 class=\"et_pb_module_header\">Crecimiento profesional<\/h4><div class=\"et_pb_blurb_description\"><p>Oportunidades para aprender y desarrollarte en un entorno din\u00e1mico.<\/p>\n<\/div><\/div><\/div><\/div><div class=\"et_pb_blurb_2 et_pb_blurb et_pb_bg_layout_light et_pb_blurb_position_left et_pb_module et_block_module preset--module--divi-blurb--82c1da05-01c5-4aa4-b8c2-bb1e9c1c11d6\"><div class=\"et_pb_blurb_content\"><div class=\"et_pb_main_blurb_image\"><span class=\"et_pb_image_wrap et_pb_only_image_mode_wrap\"><img decoding=\"async\" src=\"https:\/\/sabanaplaza.com.co\/wp-content\/uploads\/2024\/11\/coworking-space-icon-5.png\" width=\"64\" height=\"64\" sizes=\"(max-width: 64px) 100vw, 64px\" class=\"et-waypoint et_pb_animation_off et_pb_animation_off_tablet et_pb_animation_off_phone wp-image-1500\" \/><\/span><\/div><div class=\"et_pb_blurb_container\"><h4 class=\"et_pb_module_header\">Un ambiente seguro y confiable<\/h4><div class=\"et_pb_blurb_description\"><p>Trabaja en un lugar donde te sentir\u00e1s respaldado y valorado.<\/p>\n<\/div><\/div><\/div><\/div><div class=\"et_pb_blurb_3 et_pb_blurb et_pb_bg_layout_light et_pb_blurb_position_left et_pb_module et_block_module preset--module--divi-blurb--82c1da05-01c5-4aa4-b8c2-bb1e9c1c11d6\"><div class=\"et_pb_blurb_content\"><div class=\"et_pb_main_blurb_image\"><span class=\"et_pb_image_wrap et_pb_only_image_mode_wrap\"><img decoding=\"async\" src=\"https:\/\/sabanaplaza.com.co\/wp-content\/uploads\/2024\/11\/coworking-space-icon-11.png\" width=\"64\" height=\"64\" sizes=\"(max-width: 64px) 100vw, 64px\" class=\"et-waypoint et_pb_animation_off et_pb_animation_off_tablet et_pb_animation_off_phone wp-image-1502\" \/><\/span><\/div><div class=\"et_pb_blurb_container\"><h4 class=\"et_pb_module_header\">Estabilidad econ\u00f3mica<\/h4><div class=\"et_pb_blurb_description\"><p>Condiciones laborales que te garantizan tranquilidad.<\/p>\n<\/div><\/div><\/div><\/div><div class=\"et_pb_icon_0 et_pb_icon et_pb_module et_block_module\"><span class=\"et_pb_icon_wrap\"><span class=\"et-pb-icon\">\ue044<\/span><\/span><\/div><\/div><div class=\"et_pb_column_5 et_pb_column et_pb_column_1_2 et-last-child et_block_column et_pb_css_mix_blend_mode_passthrough\"><div class=\"et_pb_image_1 et_pb_image et_pb_module et_block_module\"><span class=\"et_pb_image_wrap\"><img decoding=\"async\" src=\"https:\/\/sabanaplaza.com.co\/wp-content\/uploads\/2025\/04\/Seguridad-Sabanista-scaled.jpg\" width=\"2560\" height=\"2560\" srcset=\"https:\/\/sabanaplaza.com.co\/wp-content\/uploads\/2025\/04\/Seguridad-Sabanista-scaled.jpg 2560w, https:\/\/sabanaplaza.com.co\/wp-content\/uploads\/2025\/04\/Seguridad-Sabanista-1280x1280.jpg 1280w, https:\/\/sabanaplaza.com.co\/wp-content\/uploads\/2025\/04\/Seguridad-Sabanista-980x980.jpg 980w, https:\/\/sabanaplaza.com.co\/wp-content\/uploads\/2025\/04\/Seguridad-Sabanista-480x480.jpg 480w\" sizes=\"(min-width: 0px) and (max-width: 480px) 480px, (min-width: 481px) and (max-width: 980px) 980px, (min-width: 981px) and (max-width: 1280px) 1280px, (min-width: 1281px) 2560px, 100vw\" class=\"wp-image-1788\" title=\"Seguridad Sabanista\" \/><\/span><\/div><\/div><\/div><\/div><div class=\"et_pb_section_3 et_pb_section et_section_regular et_block_section\"><div class=\"et_pb_row_5 et_pb_row et_block_row\"><div class=\"et_pb_column_6 et_pb_column et_pb_column_1_2 et_block_column et_pb_css_mix_blend_mode_passthrough\"><div class=\"et_pb_text_3 et_pb_text et_pb_bg_layout_light et_pb_module et_block_module preset--module--divi-text--e78b8800-e14d-4dae-a3d2-5a95e917665c\"><div class=\"et_pb_text_inner\"><h2 style=\"text-align: center;\">D\u00e9janos Conocerte<\/h2>\n<\/div><\/div><div class=\"et_pb_image_2 et_pb_image et_pb_module et_block_module\"><span class=\"et_pb_image_wrap\"><img decoding=\"async\" src=\"https:\/\/sabanaplaza.com.co\/wp-content\/uploads\/2024\/11\/co-working-14.png\" width=\"800\" height=\"800\" srcset=\"https:\/\/sabanaplaza.com.co\/wp-content\/uploads\/2024\/11\/co-working-14.png 800w, https:\/\/sabanaplaza.com.co\/wp-content\/uploads\/2024\/11\/co-working-14-480x480.png 480w\" sizes=\"(min-width: 0px) and (max-width: 480px) 480px, (min-width: 481px) 800px, 100vw\" class=\"wp-image-1505\" title=\"IMG-2308\" \/><\/span><\/div><div class=\"et_pb_text_4 et_pb_text et_pb_bg_layout_light et_pb_module et_block_module preset--module--divi-text--39edd940-fbae-4a9e-b355-596db8a4be3d\"><div class=\"et_pb_text_inner\"><p style=\"text-align: center;\">\u00bfEst\u00e1s listo para dar el siguiente paso? Llena el formulario y adjunta tu hoja de vida. Nuestro equipo de selecci\u00f3n evaluar\u00e1 tu perfil y se pondr\u00e1 en contacto contigo.<\/p>\n<\/div><\/div><\/div><div class=\"et_pb_column_7 et_pb_column et_pb_column_1_2 et-last-child et_block_column et_pb_css_mix_blend_mode_passthrough\"><div class=\"et_pb_code_0 et_pb_code et_pb_module\"><div class=\"et_pb_code_inner\"><iframe src=\"https:\/\/docs.google.com\/forms\/d\/e\/1FAIpQLSctDgp3-iWJHDmLBqRVuBod4IDv7cSqkwz9xyFpWmix_nXypw\/viewform?embedded=true\" width=\"500\" height=\"600\" frameborder=\"0\" marginheight=\"0\" marginwidth=\"0\">Cargando\u2026<\/iframe><\/div><\/div><\/div><\/div><\/div><div class=\"et_pb_section_4 et_pb_section et_section_regular et_block_section\"><div class=\"et_pb_row_6 et_pb_row et_pb_equal_columns et_block_row\"><div class=\"et_pb_column_8 et_pb_column et_pb_column_2_3 et_block_column et_pb_css_mix_blend_mode_passthrough\"><div class=\"et_pb_text_5 et_pb_text et_pb_bg_layout_light et_pb_module et_block_module preset--module--divi-text--aaa7c440-590a-4078-ae0c-0f3c699ac51c\"><div class=\"et_pb_text_inner\"><h3><span>Diversidad, calidad y comunidad en un solo lugar. \u00a1Ven y vive la experiencia \u00fanica de compras!<\/span><\/h3>\n<\/div><\/div><div class=\"et_pb_code_1 et_pb_code et_pb_module\"><div class=\"et_pb_code_inner\"><iframe src=\"https:\/\/www.google.com\/maps\/embed?pb=!1m18!1m12!1m3!1d3976.9302461220323!2d-74.08788852628061!3d4.606510442469515!2m3!1f0!2f0!3f0!3m2!1i1024!2i768!4f13.1!3m3!1m2!1s0x8e3f9973374631a1%3A0x900835142969734!2sCentro%20Comercial%20Sabana%20Plaza!5e0!3m2!1ses-419!2sco!4v1705634715195!5m2!1ses-419!2sco\" width=\"600\" height=\"450\" style=\"border:0;\" allowfullscreen=\"\" loading=\"lazy\" referrerpolicy=\"no-referrer-when-downgrade\"><\/iframe><\/div><\/div><\/div><div class=\"et_pb_column_9 et_pb_column et_pb_column_1_3 et-last-child et_block_column et_pb_css_mix_blend_mode_passthrough\"><span class=\"et_pb_background_mask\"><\/span><div class=\"et_pb_text_6 et_pb_text et_pb_bg_layout_light et_pb_module et_block_module preset--module--divi-text--4827deed-2a92-4d97-a22f-f01067ae6873\"><div class=\"et_pb_text_inner\"><h2><strong><span style=\"color: #000000;\">Enlaces:<\/span><\/strong><\/h2>\n<\/div><\/div><div class=\"et_pb_text_7 et_pb_text et_pb_bg_layout_light et_pb_module et_block_module preset--module--divi-text--1f09816e-184e-4ce5-a4cf-b39c52c423ca\"><div class=\"et_pb_text_inner\"><p><a href=\"https:\/\/sabanaplaza.com.co\/index.php\/contactanos\/\"><span style=\"color: #000000;\"><strong>- Contacto<\/strong><\/span><\/a><br \/><a href=\"https:\/\/sabanaplaza.com.co\/index.php\/sabanistas\/\"><span style=\"color: #000000;\"><strong>- Sabanistas<\/strong><\/span><\/a><br \/><span style=\"color: #000000;\"><strong><span style=\"color: #000000;\"><a href=\"https:\/\/sabanaplaza.com.co\/index.php\/politica-privacidad\/\" style=\"color: #000000;\">- Pol\u00edtica de privacidad de datos<\/a><\/span><br \/><\/strong><strong><a href=\"https:\/\/sabanaplaza.com.co\/index.php\/pqr\/\" style=\"color: #000000;\">- PQR<\/a><\/strong><\/span><\/p>\n<\/div><\/div><ul class=\"et_pb_social_media_follow_0 et_pb_social_media_follow clearfix et_pb_bg_layout_light et_pb_module et_block_module\"><li class=\"et_pb_social_media_follow_network_0 et_pb_social_media_follow_network et_pb_social_icon et_pb_social_network_link et-social-facebook et_pb_module et_flex_module\"><a href=\"https:\/\/www.facebook.com\/ccsabanaplaza\" class=\"icon\" target=\"_self\" title=\"Follow on Facebook\" rel=\"noopener\"><span class=\"et_pb_social_media_follow_network_name\">Follow<\/span><\/a><\/li><li class=\"et_pb_social_media_follow_network_1 et_pb_social_media_follow_network et_pb_social_icon et_pb_social_network_link et-social-twitter et_pb_module et_flex_module\"><a href=\"https:\/\/twitter.com\/Sabanaplazacc\" class=\"icon\" target=\"_self\" title=\"Follow on Twitter\" rel=\"noopener\"><span class=\"et_pb_social_media_follow_network_name\">Follow<\/span><\/a><\/li><li class=\"et_pb_social_media_follow_network_2 et_pb_social_media_follow_network et_pb_social_icon et_pb_social_network_link et-social-instagram et_pb_module et_flex_module\"><a href=\"https:\/\/www.instagram.com\/ccsabanaplaza\/\" class=\"icon\" target=\"_self\" title=\"Follow on Instagram\" rel=\"noopener\"><span class=\"et_pb_social_media_follow_network_name\">Follow<\/span><\/a><\/li><li class=\"et_pb_social_media_follow_network_3 et_pb_social_media_follow_network et_pb_social_icon et_pb_social_network_link et-pb-social-fa-icon et-social-tiktok et_pb_module et_flex_module\"><a href=\"https:\/\/www.tiktok.com\/@ccsabanaplaza\" class=\"icon\" target=\"_self\" title=\"Follow on Tiktok\" rel=\"noopener\"><span class=\"et_pb_social_media_follow_network_name\">Follow<\/span><\/a><\/li><\/ul><div class=\"et_pb_module et_pb_button_module_wrapper et_pb_button_0_wrapper\"><a class=\"et_pb_button_0 et_pb_button et_pb_bg_layout_dark et_animated et_pb_module et_block_module\" href=\"https:\/\/sabanaplaza.com.co\/index.php\/pagar-administracion\/\">Pagar Administraci\u00f3n<\/a><\/div><div class=\"et_pb_image_3 et_pb_image et_pb_module et_block_module\"><span class=\"et_pb_image_wrap\"><img decoding=\"async\" src=\"https:\/\/sabanaplaza.com.co\/wp-content\/uploads\/2024\/01\/Logo-Negativo.png\" width=\"1024\" height=\"1024\" srcset=\"https:\/\/sabanaplaza.com.co\/wp-content\/uploads\/2024\/01\/Logo-Negativo.png 1024w, https:\/\/sabanaplaza.com.co\/wp-content\/uploads\/2024\/01\/Logo-Negativo-980x980.png 980w, https:\/\/sabanaplaza.com.co\/wp-content\/uploads\/2024\/01\/Logo-Negativo-480x480.png 480w\" sizes=\"(min-width: 0px) and (max-width: 480px) 480px, (min-width: 481px) and (max-width: 980px) 980px, (min-width: 981px) 1024px, 100vw\" class=\"wp-image-206\" title=\"Logo-Negativo\" \/><\/span><\/div><\/div><\/div><\/div>","protected":false},"excerpt":{"rendered":"","protected":false},"author":1,"featured_media":0,"parent":0,"menu_order":0,"comment_status":"closed","ping_status":"closed","template":"","meta":{"footnotes":""},"class_list":["post-1498","page","type-page","status-publish","hentry"],"yoast_head":"<!-- This site is optimized with the Yoast SEO Premium plugin v22.8 (Yoast SEO v27.0) - https:\/\/yoast.com\/product\/yoast-seo-premium-wordpress\/ -->\n<title>\u00bfBuscas trabajo? - Sabana Plaza<\/title>\n<meta name=\"robots\" content=\"index, follow, max-snippet:-1, max-image-preview:large, max-video-preview:-1\" \/>\n<link rel=\"canonical\" href=\"https:\/\/sabanaplaza.com.co\/index.php\/buscas-trabajo\/\" \/>\n<meta property=\"og:locale\" content=\"en_US\" \/>\n<meta property=\"og:type\" content=\"article\" \/>\n<meta property=\"og:title\" content=\"\u00bfBuscas trabajo?\" \/>\n<meta property=\"og:url\" content=\"https:\/\/sabanaplaza.com.co\/index.php\/buscas-trabajo\/\" \/>\n<meta property=\"og:site_name\" content=\"Sabana Plaza\" \/>\n<meta property=\"article:modified_time\" content=\"2026-02-25T15:18:26+00:00\" \/>\n<meta name=\"twitter:card\" content=\"summary_large_image\" \/>\n<meta name=\"twitter:label1\" content=\"Est. reading time\" \/>\n\t<meta name=\"twitter:data1\" content=\"3 minutes\" \/>\n<script type=\"application\/ld+json\" class=\"yoast-schema-graph\">{\"@context\":\"https:\/\/schema.org\",\"@graph\":[{\"@type\":\"WebPage\",\"@id\":\"https:\/\/sabanaplaza.com.co\/index.php\/buscas-trabajo\/\",\"url\":\"https:\/\/sabanaplaza.com.co\/index.php\/buscas-trabajo\/\",\"name\":\"\u00bfBuscas trabajo? - Sabana Plaza\",\"isPartOf\":{\"@id\":\"https:\/\/sabanaplaza.com.co\/#website\"},\"datePublished\":\"2024-11-25T02:58:57+00:00\",\"dateModified\":\"2026-02-25T15:18:26+00:00\",\"breadcrumb\":{\"@id\":\"https:\/\/sabanaplaza.com.co\/index.php\/buscas-trabajo\/#breadcrumb\"},\"inLanguage\":\"en-US\",\"potentialAction\":[{\"@type\":\"ReadAction\",\"target\":[\"https:\/\/sabanaplaza.com.co\/index.php\/buscas-trabajo\/\"]}]},{\"@type\":\"BreadcrumbList\",\"@id\":\"https:\/\/sabanaplaza.com.co\/index.php\/buscas-trabajo\/#breadcrumb\",\"itemListElement\":[{\"@type\":\"ListItem\",\"position\":1,\"name\":\"Portada\",\"item\":\"https:\/\/sabanaplaza.com.co\/\"},{\"@type\":\"ListItem\",\"position\":2,\"name\":\"\u00bfBuscas trabajo?\"}]},{\"@type\":\"WebSite\",\"@id\":\"https:\/\/sabanaplaza.com.co\/#website\",\"url\":\"https:\/\/sabanaplaza.com.co\/\",\"name\":\"Sabana Plaza\",\"description\":\"Centro Comercial \",\"potentialAction\":[{\"@type\":\"SearchAction\",\"target\":{\"@type\":\"EntryPoint\",\"urlTemplate\":\"https:\/\/sabanaplaza.com.co\/?s={search_term_string}\"},\"query-input\":{\"@type\":\"PropertyValueSpecification\",\"valueRequired\":true,\"valueName\":\"search_term_string\"}}],\"inLanguage\":\"en-US\"}]}<\/script>\n<!-- \/ Yoast SEO Premium plugin. -->","yoast_head_json":{"title":"\u00bfBuscas trabajo? - Sabana Plaza","robots":{"index":"index","follow":"follow","max-snippet":"max-snippet:-1","max-image-preview":"max-image-preview:large","max-video-preview":"max-video-preview:-1"},"canonical":"https:\/\/sabanaplaza.com.co\/index.php\/buscas-trabajo\/","og_locale":"en_US","og_type":"article","og_title":"\u00bfBuscas trabajo?","og_url":"https:\/\/sabanaplaza.com.co\/index.php\/buscas-trabajo\/","og_site_name":"Sabana Plaza","article_modified_time":"2026-02-25T15:18:26+00:00","twitter_card":"summary_large_image","twitter_misc":{"Est. reading time":"3 minutes"},"schema":{"@context":"https:\/\/schema.org","@graph":[{"@type":"WebPage","@id":"https:\/\/sabanaplaza.com.co\/index.php\/buscas-trabajo\/","url":"https:\/\/sabanaplaza.com.co\/index.php\/buscas-trabajo\/","name":"\u00bfBuscas trabajo? - Sabana Plaza","isPartOf":{"@id":"https:\/\/sabanaplaza.com.co\/#website"},"datePublished":"2024-11-25T02:58:57+00:00","dateModified":"2026-02-25T15:18:26+00:00","breadcrumb":{"@id":"https:\/\/sabanaplaza.com.co\/index.php\/buscas-trabajo\/#breadcrumb"},"inLanguage":"en-US","potentialAction":[{"@type":"ReadAction","target":["https:\/\/sabanaplaza.com.co\/index.php\/buscas-trabajo\/"]}]},{"@type":"BreadcrumbList","@id":"https:\/\/sabanaplaza.com.co\/index.php\/buscas-trabajo\/#breadcrumb","itemListElement":[{"@type":"ListItem","position":1,"name":"Portada","item":"https:\/\/sabanaplaza.com.co\/"},{"@type":"ListItem","position":2,"name":"\u00bfBuscas trabajo?"}]},{"@type":"WebSite","@id":"https:\/\/sabanaplaza.com.co\/#website","url":"https:\/\/sabanaplaza.com.co\/","name":"Sabana Plaza","description":"Centro Comercial ","potentialAction":[{"@type":"SearchAction","target":{"@type":"EntryPoint","urlTemplate":"https:\/\/sabanaplaza.com.co\/?s={search_term_string}"},"query-input":{"@type":"PropertyValueSpecification","valueRequired":true,"valueName":"search_term_string"}}],"inLanguage":"en-US"}]}},"_links":{"self":[{"href":"https:\/\/sabanaplaza.com.co\/index.php\/wp-json\/wp\/v2\/pages\/1498","targetHints":{"allow":["GET"]}}],"collection":[{"href":"https:\/\/sabanaplaza.com.co\/index.php\/wp-json\/wp\/v2\/pages"}],"about":[{"href":"https:\/\/sabanaplaza.com.co\/index.php\/wp-json\/wp\/v2\/types\/page"}],"author":[{"embeddable":true,"href":"https:\/\/sabanaplaza.com.co\/index.php\/wp-json\/wp\/v2\/users\/1"}],"replies":[{"embeddable":true,"href":"https:\/\/sabanaplaza.com.co\/index.php\/wp-json\/wp\/v2\/comments?post=1498"}],"version-history":[{"count":7,"href":"https:\/\/sabanaplaza.com.co\/index.php\/wp-json\/wp\/v2\/pages\/1498\/revisions"}],"predecessor-version":[{"id":2264,"href":"https:\/\/sabanaplaza.com.co\/index.php\/wp-json\/wp\/v2\/pages\/1498\/revisions\/2264"}],"wp:attachment":[{"href":"https:\/\/sabanaplaza.com.co\/index.php\/wp-json\/wp\/v2\/media?parent=1498"}],"curies":[{"name":"wp","href":"https:\/\/api.w.org\/{rel}","templated":true}]}}