{"id":335,"date":"2024-01-22T12:50:48","date_gmt":"2024-01-22T11:50:48","guid":{"rendered":"https:\/\/sabanaplaza.com.co\/?page_id=335"},"modified":"2026-02-25T16:18:13","modified_gmt":"2026-02-25T15:18:13","slug":"pagar-administracion","status":"publish","type":"page","link":"https:\/\/sabanaplaza.com.co\/index.php\/pagar-administracion\/","title":{"rendered":"Pagar Administraci\u00f3n"},"content":{"rendered":"<div class=\"et_pb_section_0 et_pb_section et_section_regular et_block_section\"><div class=\"et_pb_row_0 et_pb_row et_block_row\"><div class=\"et_pb_column_0 et_pb_column et_pb_column_4_4 et-last-child et_block_column et_pb_css_mix_blend_mode_passthrough\"><div class=\"et_pb_text_0 et_pb_text et_pb_bg_layout_dark et_pb_module et_block_module preset--module--divi-text--e051f21b-b181-42eb-bb54-0e772a019d8e\"><div class=\"et_pb_text_inner\"><h1 style=\"text-align: center;\">Pagar tu administraci\u00f3n<br \/>nunca fue tan f\u00e1cil<\/h1>\n<\/div><\/div><\/div><\/div><\/div><div class=\"et_pb_section_1 et_pb_section et_section_regular et_block_section\"><div class=\"et_pb_row_1 et_pb_row et_block_row\"><div class=\"et_pb_column_1 et_pb_column et_pb_column_2_5 et_block_column et_pb_css_mix_blend_mode_passthrough\"><div class=\"et_pb_image_0 et_pb_image et_pb_module et_block_module\"><span class=\"et_pb_image_wrap\"><img decoding=\"async\" src=\"https:\/\/sabanaplaza.com.co\/wp-content\/uploads\/2023\/12\/co-working-10b.png\" width=\"800\" height=\"642\" srcset=\"https:\/\/sabanaplaza.com.co\/wp-content\/uploads\/2023\/12\/co-working-10b.png 800w, https:\/\/sabanaplaza.com.co\/wp-content\/uploads\/2023\/12\/co-working-10b-480x385.png 480w\" sizes=\"(min-width: 0px) and (max-width: 480px) 480px, (min-width: 481px) 800px, 100vw\" class=\"wp-image-63\" title=\"DCIM100MEDIADJI_0829.JPG\" \/><\/span><\/div><\/div><div class=\"et_pb_column_2 et_pb_column et_pb_column_3_5 et-last-child et_block_column et_pb_css_mix_blend_mode_passthrough\"><div class=\"et_pb_number_counter_0 et_pb_number_counter et_pb_bg_layout_light et_pb_text_align_left et_pb_with_title et_pb_module et_block_module preset--module--divi-number-counter--40e52b54-237b-4814-8fc4-328275458858\"><div class=\"percent\"><p><span class=\"percent-value\"><\/span><span class=\"percent-sign\"><\/span><\/p><\/div><h3 class=\"title\">Locales<\/h3><\/div><div class=\"et_pb_toggle_0 et_pb_toggle et_pb_toggle_item et_pb_toggle_close et_pb_module et_block_module preset--module--divi-toggle--069b4bf0-8fc7-4e06-8c69-ebb81686e7f8\"><h5 class=\"et_pb_toggle_title\">Capacidad para +10.000 visitantes<\/h5><div class=\"et_pb_toggle_content clearfix\"><p><span>En Sabana Plaza, la grandeza se mide no solo en opciones, sino tambi\u00e9n en capacidad. Con orgullo, tenemos la capacidad de recibir y atender a m\u00e1s de 10,000 usuarios. Cada visitante es parte de esta vibrante experiencia, donde la amplitud se encuentra con la calidad.<\/span><\/p>\n<\/div><\/div><div class=\"et_pb_toggle_1 et_pb_toggle et_pb_toggle_item et_pb_toggle_close et_pb_module et_block_module preset--module--divi-toggle--069b4bf0-8fc7-4e06-8c69-ebb81686e7f8\"><h5 class=\"et_pb_toggle_title\">Multi Industrial<\/h5><div class=\"et_pb_toggle_content clearfix\"><p><span>la diversidad es nuestra fuerza. Como centro comercial multiindustrial, te ofrecemos una experiencia \u00fanica que abarca textiles, tecnolog\u00eda, jugueter\u00eda, calzado, licores, dulcer\u00eda y abarrotes. Descubre la amplitud de opciones en un solo lugar. Sabana Plaza, donde la versatilidad se une a la calidad para ofrecerte lo mejor en cada rinc\u00f3n.<\/span><\/p>\n<\/div><\/div><\/div><\/div><\/div><div class=\"et_pb_section_2 et_pb_section et_pb_fullwidth_section et_section_regular et_block_section\"><div class=\"et_pb_fullwidth_image_0 et_pb_fullwidth_image et_pb_module\"><img decoding=\"async\" src=\"https:\/\/sabanaplaza.com.co\/wp-content\/uploads\/2024\/03\/Pagos_Administracion-Sabana-web.png\" width=\"1223\" height=\"1564\" srcset=\"https:\/\/sabanaplaza.com.co\/wp-content\/uploads\/2024\/03\/Pagos_Administracion-Sabana-web.png 1223w, https:\/\/sabanaplaza.com.co\/wp-content\/uploads\/2024\/03\/Pagos_Administracion-Sabana-web-980x1253.png 980w, https:\/\/sabanaplaza.com.co\/wp-content\/uploads\/2024\/03\/Pagos_Administracion-Sabana-web-480x614.png 480w\" sizes=\"(min-width: 0px) and (max-width: 480px) 480px, (min-width: 481px) and (max-width: 980px) 980px, (min-width: 981px) 1223px, 100vw\" class=\"wp-image-1091\" title=\"Pagos_Administracion-Sabana-web\" \/><\/div><\/div><div class=\"et_pb_section_3 et_pb_section et_section_regular et_block_section\"><div class=\"et_pb_row_2 et_pb_row et_pb_equal_columns et_block_row\"><div class=\"et_pb_column_3 et_pb_column et_pb_column_2_3 et_block_column et_pb_css_mix_blend_mode_passthrough\"><div class=\"et_pb_text_1 et_pb_text et_pb_bg_layout_light et_pb_module et_block_module preset--module--divi-text--aaa7c440-590a-4078-ae0c-0f3c699ac51c\"><div class=\"et_pb_text_inner\"><h3><span>Diversidad, calidad y comunidad en un solo lugar. \u00a1Ven y vive la experiencia \u00fanica de compras!<\/span><\/h3>\n<\/div><\/div><div class=\"et_pb_code_0 et_pb_code et_pb_module\"><div class=\"et_pb_code_inner\"><iframe src=\"https:\/\/www.google.com\/maps\/embed?pb=!1m18!1m12!1m3!1d3976.9302461220323!2d-74.08788852628061!3d4.606510442469515!2m3!1f0!2f0!3f0!3m2!1i1024!2i768!4f13.1!3m3!1m2!1s0x8e3f9973374631a1%3A0x900835142969734!2sCentro%20Comercial%20Sabana%20Plaza!5e0!3m2!1ses-419!2sco!4v1705634715195!5m2!1ses-419!2sco\" width=\"600\" height=\"450\" style=\"border:0;\" allowfullscreen=\"\" loading=\"lazy\" referrerpolicy=\"no-referrer-when-downgrade\"><\/iframe><\/div><\/div><\/div><div class=\"et_pb_column_4 et_pb_column et_pb_column_1_3 et-last-child et_block_column et_pb_css_mix_blend_mode_passthrough\"><span class=\"et_pb_background_mask\"><\/span><div class=\"et_pb_text_2 et_pb_text et_pb_bg_layout_light et_pb_module et_block_module preset--module--divi-text--4827deed-2a92-4d97-a22f-f01067ae6873\"><div class=\"et_pb_text_inner\"><h2><strong><span style=\"color: #000000;\">Enlaces:<\/span><\/strong><\/h2>\n<\/div><\/div><div class=\"et_pb_text_3 et_pb_text et_pb_bg_layout_light et_pb_module et_block_module preset--module--divi-text--1f09816e-184e-4ce5-a4cf-b39c52c423ca\"><div class=\"et_pb_text_inner\"><p><span style=\"color: #000000;\"><strong>- Contacto<\/strong><\/span><br \/><span style=\"color: #000000;\"><strong>- Marcas<\/strong><\/span><br \/><span style=\"color: #000000;\"><strong>- Sabanistas<\/strong><\/span><br \/><span style=\"color: #000000;\"><strong>- Pol\u00edtica de privacidad de datos<br \/>- PQR<\/strong><\/span><\/p>\n<\/div><\/div><ul class=\"et_pb_social_media_follow_0 et_pb_social_media_follow clearfix et_pb_bg_layout_light et_pb_module et_block_module\"><li class=\"et_pb_social_media_follow_network_0 et_pb_social_media_follow_network et_pb_social_icon et_pb_social_network_link et-social-facebook et_pb_module et_flex_module\"><a href=\"https:\/\/www.facebook.com\/ccsabanaplaza\" class=\"icon\" target=\"_self\" title=\"Follow on Facebook\" rel=\"noopener\"><span class=\"et_pb_social_media_follow_network_name\">Follow<\/span><\/a><\/li><li class=\"et_pb_social_media_follow_network_1 et_pb_social_media_follow_network et_pb_social_icon et_pb_social_network_link et-social-twitter et_pb_module et_flex_module\"><a href=\"https:\/\/twitter.com\/Sabanaplazacc\" class=\"icon\" target=\"_self\" title=\"Follow on Twitter\" rel=\"noopener\"><span class=\"et_pb_social_media_follow_network_name\">Follow<\/span><\/a><\/li><li class=\"et_pb_social_media_follow_network_2 et_pb_social_media_follow_network et_pb_social_icon et_pb_social_network_link et-social-instagram et_pb_module et_flex_module\"><a href=\"https:\/\/www.instagram.com\/ccsabanaplaza\/\" class=\"icon\" target=\"_self\" title=\"Follow on Instagram\" rel=\"noopener\"><span class=\"et_pb_social_media_follow_network_name\">Follow<\/span><\/a><\/li><li class=\"et_pb_social_media_follow_network_3 et_pb_social_media_follow_network et_pb_social_icon et_pb_social_network_link et-pb-social-fa-icon et-social-tiktok et_pb_module et_flex_module\"><a href=\"https:\/\/www.tiktok.com\/@ccsabanaplaza\" class=\"icon\" target=\"_self\" title=\"Follow on Tiktok\" rel=\"noopener\"><span class=\"et_pb_social_media_follow_network_name\">Follow<\/span><\/a><\/li><\/ul><div class=\"et_pb_module et_pb_button_module_wrapper et_pb_button_0_wrapper\"><a class=\"et_pb_button_0 et_pb_button et_pb_bg_layout_dark et_animated et_pb_module et_block_module\" href=\"https:\/\/sabanaplaza.com.co\/index.php\/pagar-administracion\/\">Pagar Administraci\u00f3n<\/a><\/div><div class=\"et_pb_image_1 et_pb_image et_pb_module et_block_module\"><span class=\"et_pb_image_wrap\"><img decoding=\"async\" src=\"https:\/\/sabanaplaza.com.co\/wp-content\/uploads\/2024\/01\/Logo-Negativo.png\" width=\"1024\" height=\"1024\" srcset=\"https:\/\/sabanaplaza.com.co\/wp-content\/uploads\/2024\/01\/Logo-Negativo.png 1024w, https:\/\/sabanaplaza.com.co\/wp-content\/uploads\/2024\/01\/Logo-Negativo-980x980.png 980w, https:\/\/sabanaplaza.com.co\/wp-content\/uploads\/2024\/01\/Logo-Negativo-480x480.png 480w\" sizes=\"(min-width: 0px) and (max-width: 480px) 480px, (min-width: 481px) and (max-width: 980px) 980px, (min-width: 981px) 1024px, 100vw\" class=\"wp-image-206\" title=\"Logo-Negativo\" \/><\/span><\/div><\/div><\/div><\/div>","protected":false},"excerpt":{"rendered":"","protected":false},"author":1,"featured_media":0,"parent":0,"menu_order":0,"comment_status":"closed","ping_status":"closed","template":"","meta":{"footnotes":""},"class_list":["post-335","page","type-page","status-publish","hentry"],"yoast_head":"<!-- This site is optimized with the Yoast SEO Premium plugin v22.8 (Yoast SEO v27.0) - https:\/\/yoast.com\/product\/yoast-seo-premium-wordpress\/ -->\n<title>Pagar Administraci\u00f3n - Sabana Plaza<\/title>\n<meta name=\"description\" content=\"Si tienes relaci\u00f3n comercial con sabana plaza este es tu espacio ideal para pagar tus obligaciones\" \/>\n<meta name=\"robots\" content=\"index, follow, max-snippet:-1, max-image-preview:large, max-video-preview:-1\" \/>\n<link rel=\"canonical\" href=\"https:\/\/sabanaplaza.com.co\/index.php\/pagar-administracion\/\" \/>\n<meta property=\"og:locale\" content=\"en_US\" \/>\n<meta property=\"og:type\" content=\"article\" \/>\n<meta property=\"og:title\" content=\"Pagar Administraci\u00f3n\" \/>\n<meta property=\"og:description\" content=\"Si tienes relaci\u00f3n comercial con sabana plaza este es tu espacio ideal para pagar tus obligaciones\" \/>\n<meta property=\"og:url\" content=\"https:\/\/sabanaplaza.com.co\/index.php\/pagar-administracion\/\" \/>\n<meta property=\"og:site_name\" content=\"Sabana Plaza\" \/>\n<meta property=\"article:modified_time\" content=\"2026-02-25T15:18:13+00:00\" \/>\n<meta name=\"twitter:card\" content=\"summary_large_image\" \/>\n<meta name=\"twitter:label1\" content=\"Est. reading time\" \/>\n\t<meta name=\"twitter:data1\" content=\"2 minutes\" \/>\n<script type=\"application\/ld+json\" class=\"yoast-schema-graph\">{\"@context\":\"https:\/\/schema.org\",\"@graph\":[{\"@type\":\"WebPage\",\"@id\":\"https:\/\/sabanaplaza.com.co\/index.php\/pagar-administracion\/\",\"url\":\"https:\/\/sabanaplaza.com.co\/index.php\/pagar-administracion\/\",\"name\":\"Pagar Administraci\u00f3n - Sabana Plaza\",\"isPartOf\":{\"@id\":\"https:\/\/sabanaplaza.com.co\/#website\"},\"datePublished\":\"2024-01-22T11:50:48+00:00\",\"dateModified\":\"2026-02-25T15:18:13+00:00\",\"description\":\"Si tienes relaci\u00f3n comercial con sabana plaza este es tu espacio ideal para pagar tus obligaciones\",\"breadcrumb\":{\"@id\":\"https:\/\/sabanaplaza.com.co\/index.php\/pagar-administracion\/#breadcrumb\"},\"inLanguage\":\"en-US\",\"potentialAction\":[{\"@type\":\"ReadAction\",\"target\":[\"https:\/\/sabanaplaza.com.co\/index.php\/pagar-administracion\/\"]}]},{\"@type\":\"BreadcrumbList\",\"@id\":\"https:\/\/sabanaplaza.com.co\/index.php\/pagar-administracion\/#breadcrumb\",\"itemListElement\":[{\"@type\":\"ListItem\",\"position\":1,\"name\":\"Portada\",\"item\":\"https:\/\/sabanaplaza.com.co\/\"},{\"@type\":\"ListItem\",\"position\":2,\"name\":\"Pagar Administraci\u00f3n\"}]},{\"@type\":\"WebSite\",\"@id\":\"https:\/\/sabanaplaza.com.co\/#website\",\"url\":\"https:\/\/sabanaplaza.com.co\/\",\"name\":\"Sabana Plaza\",\"description\":\"Centro Comercial \",\"potentialAction\":[{\"@type\":\"SearchAction\",\"target\":{\"@type\":\"EntryPoint\",\"urlTemplate\":\"https:\/\/sabanaplaza.com.co\/?s={search_term_string}\"},\"query-input\":{\"@type\":\"PropertyValueSpecification\",\"valueRequired\":true,\"valueName\":\"search_term_string\"}}],\"inLanguage\":\"en-US\"}]}<\/script>\n<!-- \/ Yoast SEO Premium plugin. -->","yoast_head_json":{"title":"Pagar Administraci\u00f3n - Sabana Plaza","description":"Si tienes relaci\u00f3n comercial con sabana plaza este es tu espacio ideal para pagar tus obligaciones","robots":{"index":"index","follow":"follow","max-snippet":"max-snippet:-1","max-image-preview":"max-image-preview:large","max-video-preview":"max-video-preview:-1"},"canonical":"https:\/\/sabanaplaza.com.co\/index.php\/pagar-administracion\/","og_locale":"en_US","og_type":"article","og_title":"Pagar Administraci\u00f3n","og_description":"Si tienes relaci\u00f3n comercial con sabana plaza este es tu espacio ideal para pagar tus obligaciones","og_url":"https:\/\/sabanaplaza.com.co\/index.php\/pagar-administracion\/","og_site_name":"Sabana Plaza","article_modified_time":"2026-02-25T15:18:13+00:00","twitter_card":"summary_large_image","twitter_misc":{"Est. reading time":"2 minutes"},"schema":{"@context":"https:\/\/schema.org","@graph":[{"@type":"WebPage","@id":"https:\/\/sabanaplaza.com.co\/index.php\/pagar-administracion\/","url":"https:\/\/sabanaplaza.com.co\/index.php\/pagar-administracion\/","name":"Pagar Administraci\u00f3n - Sabana Plaza","isPartOf":{"@id":"https:\/\/sabanaplaza.com.co\/#website"},"datePublished":"2024-01-22T11:50:48+00:00","dateModified":"2026-02-25T15:18:13+00:00","description":"Si tienes relaci\u00f3n comercial con sabana plaza este es tu espacio ideal para pagar tus obligaciones","breadcrumb":{"@id":"https:\/\/sabanaplaza.com.co\/index.php\/pagar-administracion\/#breadcrumb"},"inLanguage":"en-US","potentialAction":[{"@type":"ReadAction","target":["https:\/\/sabanaplaza.com.co\/index.php\/pagar-administracion\/"]}]},{"@type":"BreadcrumbList","@id":"https:\/\/sabanaplaza.com.co\/index.php\/pagar-administracion\/#breadcrumb","itemListElement":[{"@type":"ListItem","position":1,"name":"Portada","item":"https:\/\/sabanaplaza.com.co\/"},{"@type":"ListItem","position":2,"name":"Pagar Administraci\u00f3n"}]},{"@type":"WebSite","@id":"https:\/\/sabanaplaza.com.co\/#website","url":"https:\/\/sabanaplaza.com.co\/","name":"Sabana Plaza","description":"Centro Comercial ","potentialAction":[{"@type":"SearchAction","target":{"@type":"EntryPoint","urlTemplate":"https:\/\/sabanaplaza.com.co\/?s={search_term_string}"},"query-input":{"@type":"PropertyValueSpecification","valueRequired":true,"valueName":"search_term_string"}}],"inLanguage":"en-US"}]}},"_links":{"self":[{"href":"https:\/\/sabanaplaza.com.co\/index.php\/wp-json\/wp\/v2\/pages\/335","targetHints":{"allow":["GET"]}}],"collection":[{"href":"https:\/\/sabanaplaza.com.co\/index.php\/wp-json\/wp\/v2\/pages"}],"about":[{"href":"https:\/\/sabanaplaza.com.co\/index.php\/wp-json\/wp\/v2\/types\/page"}],"author":[{"embeddable":true,"href":"https:\/\/sabanaplaza.com.co\/index.php\/wp-json\/wp\/v2\/users\/1"}],"replies":[{"embeddable":true,"href":"https:\/\/sabanaplaza.com.co\/index.php\/wp-json\/wp\/v2\/comments?post=335"}],"version-history":[{"count":11,"href":"https:\/\/sabanaplaza.com.co\/index.php\/wp-json\/wp\/v2\/pages\/335\/revisions"}],"predecessor-version":[{"id":2257,"href":"https:\/\/sabanaplaza.com.co\/index.php\/wp-json\/wp\/v2\/pages\/335\/revisions\/2257"}],"wp:attachment":[{"href":"https:\/\/sabanaplaza.com.co\/index.php\/wp-json\/wp\/v2\/media?parent=335"}],"curies":[{"name":"wp","href":"https:\/\/api.w.org\/{rel}","templated":true}]}}